{"id":6739,"date":"2023-04-27T22:08:22","date_gmt":"2023-04-27T22:08:22","guid":{"rendered":"https:\/\/www.fenk.com.ar\/alquileres\/"},"modified":"2023-05-22T14:07:00","modified_gmt":"2023-05-22T14:07:00","slug":"alquiler","status":"publish","type":"page","link":"https:\/\/www.fenk.com.ar\/en\/alquiler\/","title":{"rendered":"Alquiler"},"content":{"rendered":"\n<p>Contamos con una amplia flota de alquiler moderna y confiable con disponibilidad permanente. Equipos insonorizados, en un rango de potencia desde 30 kVA hasta 200 kVA. Proporcionando generaci\u00f3n el\u00e9ctrica a hogares, comercios, eventos y tareas al aire libre en general, para uso continuo o backup adapt\u00e1ndonos as\u00ed a la necesidad de cada cliente. Nuestro servicio de emergencia est\u00e1 a disposici\u00f3n las 24 horas brind\u00e1ndole soporte con repuestos y apoyo t\u00e9cnico inmediato. Respondemos a las exigencias de los distintos mercados de manera r\u00e1pida para resolver su necesidad.<\/p>\n\n\n\n<div class=\"wp-block-group\"><div class=\"wp-block-group__inner-container is-layout-constrained wp-block-group-is-layout-constrained\">\n<div class=\"wpcf7 no-js\" id=\"wpcf7-f6772-o1\" lang=\"en-US\" dir=\"ltr\" data-wpcf7-id=\"6772\">\n<div class=\"screen-reader-response\"><p role=\"status\" aria-live=\"polite\" aria-atomic=\"true\"><\/p> <ul><\/ul><\/div>\n<form action=\"\/en\/wp-json\/wp\/v2\/pages\/6739#wpcf7-f6772-o1\" method=\"post\" class=\"wpcf7-form init\" aria-label=\"Contact form\" novalidate=\"novalidate\" data-status=\"init\">\n<fieldset class=\"hidden-fields-container\"><input type=\"hidden\" name=\"_wpcf7\" value=\"6772\" \/><input type=\"hidden\" name=\"_wpcf7_version\" value=\"6.1.5\" \/><input type=\"hidden\" name=\"_wpcf7_locale\" value=\"en_US\" \/><input type=\"hidden\" name=\"_wpcf7_unit_tag\" value=\"wpcf7-f6772-o1\" \/><input type=\"hidden\" name=\"_wpcf7_container_post\" value=\"0\" \/><input type=\"hidden\" name=\"_wpcf7_posted_data_hash\" value=\"\" \/>\n<\/fieldset>\n<p>Potencia requerida (KVA) *:\n<\/p>\n<p><span class=\"wpcf7-form-control-wrap\" data-name=\"rent-power\"><input size=\"40\" maxlength=\"400\" class=\"wpcf7-form-control wpcf7-text wpcf7-validates-as-required\" aria-required=\"true\" aria-invalid=\"false\" placeholder=\"Potencia (KVA)\" value=\"\" type=\"text\" name=\"rent-power\" \/><\/span>\n<\/p>\n<p>Fecha estimada del inicio de alquiler*:\n<\/p>\n<p><span class=\"wpcf7-form-control-wrap\" data-name=\"rent-date-rent\"><input class=\"wpcf7-form-control wpcf7-date wpcf7-validates-as-required wpcf7-validates-as-date\" aria-required=\"true\" aria-invalid=\"false\" placeholder=\"Fecha estimada\" value=\"\" type=\"date\" name=\"rent-date-rent\" \/><\/span>\n<\/p>\n<p>Plazo estimado de alquiler (meses)*:\n<\/p>\n<p><span class=\"wpcf7-form-control-wrap\" data-name=\"rent-estimated-time\"><input size=\"40\" maxlength=\"400\" class=\"wpcf7-form-control wpcf7-text wpcf7-validates-as-required\" aria-required=\"true\" aria-invalid=\"false\" placeholder=\"Plazo estimado\" value=\"\" type=\"text\" name=\"rent-estimated-time\" \/><\/span>\n<\/p>\n<p>Direcci\u00f3n del suministro*:\n<\/p>\n<p><span class=\"wpcf7-form-control-wrap\" data-name=\"rent-address\"><input size=\"40\" maxlength=\"400\" class=\"wpcf7-form-control wpcf7-text wpcf7-validates-as-required\" aria-required=\"true\" aria-invalid=\"false\" placeholder=\"Direcci\u00f3n:\" value=\"\" type=\"text\" name=\"rent-address\" \/><\/span>\n<\/p>\n<p>Nombre contacto*:\n<\/p>\n<p><span class=\"wpcf7-form-control-wrap\" data-name=\"rent-name\"><input size=\"40\" maxlength=\"400\" class=\"wpcf7-form-control wpcf7-text wpcf7-validates-as-required\" aria-required=\"true\" aria-invalid=\"false\" placeholder=\"Contacto\" value=\"\" type=\"text\" name=\"rent-name\" \/><\/span>\n<\/p>\n<p>Mail de contacto*:\n<\/p>\n<p><span class=\"wpcf7-form-control-wrap\" data-name=\"rent-email\"><input size=\"40\" maxlength=\"400\" class=\"wpcf7-form-control wpcf7-email wpcf7-validates-as-required wpcf7-text wpcf7-validates-as-email\" aria-required=\"true\" aria-invalid=\"false\" placeholder=\"Email\" value=\"\" type=\"email\" name=\"rent-email\" \/><\/span>\n<\/p>\n<p>Telefono*:\n<\/p>\n<p><span class=\"wpcf7-form-control-wrap\" data-name=\"rent-phone\"><input size=\"40\" maxlength=\"400\" class=\"wpcf7-form-control wpcf7-text wpcf7-validates-as-required\" aria-required=\"true\" aria-invalid=\"false\" placeholder=\"Telefono\" value=\"\" type=\"text\" name=\"rent-phone\" \/><\/span>\n<\/p>\n<p>Raz\u00f3n Social:\n<\/p>\n<p><span class=\"wpcf7-form-control-wrap\" data-name=\"rent-social-reason\"><input size=\"40\" maxlength=\"400\" class=\"wpcf7-form-control wpcf7-text\" aria-invalid=\"false\" placeholder=\"Empresa\" value=\"\" type=\"text\" name=\"rent-social-reason\" \/><\/span>\n<\/p>\n<p>Cuit:\n<\/p>\n<p><span class=\"wpcf7-form-control-wrap\" data-name=\"rent-cuit\"><input size=\"40\" maxlength=\"400\" class=\"wpcf7-form-control wpcf7-text\" aria-invalid=\"false\" placeholder=\"Cuit\" value=\"\" type=\"text\" name=\"rent-cuit\" \/><\/span>\n<\/p>\n<p>Comentarios:\n<\/p>\n<p><span class=\"wpcf7-form-control-wrap\" data-name=\"rent-message\"><textarea cols=\"40\" rows=\"10\" maxlength=\"2000\" class=\"wpcf7-form-control wpcf7-textarea\" aria-invalid=\"false\" name=\"rent-message\"><\/textarea><\/span>\n<\/p>\n<p>Ingres\u00e1 el c\u00f3digo CAPTCHA: <input type=\"hidden\" name=\"_wpcf7_captcha_challenge_rent-captcha\" value=\"2980110235\" \/><img loading=\"lazy\" decoding=\"async\" class=\"wpcf7-form-control wpcf7-captchac wpcf7-captcha-rent-captcha\" width=\"72\" height=\"24\" alt=\"captcha\" src=\"https:\/\/www.fenk.com.ar\/wp-content\/uploads\/wpcf7_captcha\/2980110235.png\" \/>\n<\/p>\n<p><span class=\"wpcf7-form-control-wrap\" data-name=\"rent-captcha\"><input size=\"40\" class=\"wpcf7-form-control wpcf7-captchar\" autocomplete=\"off\" aria-invalid=\"false\" value=\"\" type=\"text\" name=\"rent-captcha\" \/><\/span>\n<\/p>\n<p><input class=\"wpcf7-form-control wpcf7-submit has-spinner\" type=\"submit\" value=\"Enviar\" \/>\n<\/p><p style=\"display: none !important;\" class=\"akismet-fields-container\" data-prefix=\"_wpcf7_ak_\"><label>&#916;<textarea name=\"_wpcf7_ak_hp_textarea\" cols=\"45\" rows=\"8\" maxlength=\"100\"><\/textarea><\/label><input type=\"hidden\" id=\"ak_js_1\" name=\"_wpcf7_ak_js\" value=\"126\"\/><script>document.getElementById( \"ak_js_1\" ).setAttribute( \"value\", ( new Date() ).getTime() );<\/script><\/p><div class=\"wpcf7-response-output\" aria-hidden=\"true\"><\/div>\n<\/form>\n<\/div>\n\n<\/div><\/div>\n","protected":false},"excerpt":{"rendered":"<p>Contamos con una amplia flota de alquiler moderna y confiable con disponibilidad permanente. Equipos insonorizados, en un rango de potencia desde 30 kVA hasta 200 kVA. Proporcionando generaci\u00f3n el\u00e9ctrica a hogares, comercios, eventos y tareas al aire libre en general, para uso continuo o backup adapt\u00e1ndonos as\u00ed a la necesidad de cada cliente. Nuestro servicio&#8230;<\/p>\n","protected":false},"author":1,"featured_media":6785,"parent":0,"menu_order":5,"comment_status":"closed","ping_status":"closed","template":"template-full-width.php","meta":{"footnotes":""},"class_list":["post-6739","page","type-page","status-publish","has-post-thumbnail","hentry"],"acf":[],"_links":{"self":[{"href":"https:\/\/www.fenk.com.ar\/en\/wp-json\/wp\/v2\/pages\/6739","targetHints":{"allow":["GET"]}}],"collection":[{"href":"https:\/\/www.fenk.com.ar\/en\/wp-json\/wp\/v2\/pages"}],"about":[{"href":"https:\/\/www.fenk.com.ar\/en\/wp-json\/wp\/v2\/types\/page"}],"author":[{"embeddable":true,"href":"https:\/\/www.fenk.com.ar\/en\/wp-json\/wp\/v2\/users\/1"}],"replies":[{"embeddable":true,"href":"https:\/\/www.fenk.com.ar\/en\/wp-json\/wp\/v2\/comments?post=6739"}],"version-history":[{"count":18,"href":"https:\/\/www.fenk.com.ar\/en\/wp-json\/wp\/v2\/pages\/6739\/revisions"}],"predecessor-version":[{"id":6800,"href":"https:\/\/www.fenk.com.ar\/en\/wp-json\/wp\/v2\/pages\/6739\/revisions\/6800"}],"wp:featuredmedia":[{"embeddable":true,"href":"https:\/\/www.fenk.com.ar\/en\/wp-json\/wp\/v2\/media\/6785"}],"wp:attachment":[{"href":"https:\/\/www.fenk.com.ar\/en\/wp-json\/wp\/v2\/media?parent=6739"}],"curies":[{"name":"wp","href":"https:\/\/api.w.org\/{rel}","templated":true}]}}