{"id":4201,"date":"2013-04-22T18:59:34","date_gmt":"2013-04-22T18:59:34","guid":{"rendered":"https:\/\/www.fenk.com.ar\/services\/certificados-de-garantia\/"},"modified":"2026-04-09T14:26:32","modified_gmt":"2026-04-09T17:26:32","slug":"certificados-de-garantia","status":"publish","type":"page","link":"https:\/\/www.fenk.com.ar\/en\/services\/certificados-de-garantia\/","title":{"rendered":"Certificados de garant\u00eda \/\/ Condiciones Comerciales \/\/ Informacion Regulatoria"},"content":{"rendered":"<h4><span style=\"text-decoration: underline;\">Certificados de Garantia<\/span><\/h4>\n<p><a href=\"https:\/\/www.fenk.com.ar\/wp-content\/uploads\/2018\/03\/Certificado-de-garant\u00eda-para-grupos-electr\u00f3genos-1500rpm-Diesel-Estacionarios.pdf\">Grupos electr\u00f3genos de fabricaci\u00f3n nacional di\u00e9sel.<\/a><\/p>\n<p><a href=\"https:\/\/www.fenk.com.ar\/wp-content\/uploads\/2018\/03\/Certificado-de-garant\u00eda-Gasolina.pdf\">Grupos electr\u00f3genos de fabricaci\u00f3n nacional a nafta.<\/a><\/p>\n<p><a href=\"https:\/\/www.fenk.com.ar\/wp-content\/uploads\/2018\/03\/Certificado-de-garant\u00eda-para-grupos-electr\u00f3genos-1500rpm-diesel-IMPORTADOS.pdf\">Grupos electr\u00f3genos importados di\u00e9sel.<\/a><\/p>\n<p><a href=\"https:\/\/www.fenk.com.ar\/wp-content\/uploads\/2018\/03\/Certificado-de-garant\u00eda-Gas.pdf\">Grupos electr\u00f3genos importados a gas.<\/a><\/p>\n<p><a href=\"https:\/\/www.fenk.com.ar\/wp-content\/uploads\/2018\/03\/Certificado-de-garant\u00eda-Branik.pdf\">Grupos electr\u00f3genos importados a nafta.<\/a><\/p>\n<p><a href=\"https:\/\/www.fenk.com.ar\/wp-content\/uploads\/2018\/03\/Certificado-de-garant\u00eda-compresoresa-piston-SCHULZ.pdf\">Compresores de aire a pist\u00f3n.<\/a><\/p>\n<p><a href=\"https:\/\/www.fenk.com.ar\/wp-content\/uploads\/2018\/03\/Certificado-de-garant\u00eda-compresores-a-tornillo-FINI.pdf\">Compresores de aire a tonillo.<\/a><\/p>\n<p><a href=\"https:\/\/www.fenk.com.ar\/wp-content\/uploads\/2021\/10\/Certificado-garantias-Energ\u00edas-Renovables-FENK.pdf\">Energ\u00edas renovables (paneles solares, bater\u00edas solares, reguladores e inversores)<\/a><\/p>\n<h4><span style=\"text-decoration: underline;\">Condiciones Comerciales<\/span><\/h4>\n<p><a href=\"https:\/\/www.fenk.com.ar\/wp-content\/uploads\/2021\/11\/Cambios-y-devoluciones.pdf\">Cambios y devoluciones.<\/a><\/p>\n<h4><span style=\"text-decoration: underline;\">Informacion Regulatoria<\/span><\/h4>\n<p><a href=\"https:\/\/www.fenk.com.ar\/wp-content\/uploads\/2026\/04\/DDJJ-S.E-SCHULZ-1HP-A-3HP.pdf\">DDJJ Seguridad Electrica Schulz Compresores de 1hp a 3hp<\/a><\/p>\n<p><a href=\"https:\/\/www.fenk.com.ar\/wp-content\/uploads\/2026\/04\/DDJJ-S.E-SCHULZ-4HP-A-5.5HP.pdf\">DDJJ Seguridad Electrica Schulz Compresores de 4hp a 5.5hp<\/a><\/p>\n\n\n<p><a href=\"https:\/\/www.fenk.com.ar\/wp-content\/uploads\/2026\/04\/DDJJ-S.E-BRANIK-NAFTA.pdf\" data-type=\"link\" data-id=\"https:\/\/www.fenk.com.ar\/wp-content\/uploads\/2026\/04\/DDJJ-S.E-BRANIK-NAFTA.pdf\">DDJJ Seguridad Electrica Branik Grupos Electrogenos Nafteros<\/a><\/p>\n\n\n\n<p><a href=\"https:\/\/www.fenk.com.ar\/wp-content\/uploads\/2026\/04\/DDJJ-S.E-BRANIK-MOTOR-ELECTRICO-0.5HP-A-4HP.pdf\" data-type=\"link\" data-id=\"https:\/\/www.fenk.com.ar\/wp-content\/uploads\/2026\/04\/DDJJ-S.E-BRANIK-MOTOR-ELECTRICO-0.5HP-A-4HP.pdf\">DDJJ Seguridad Electrica Branik Motores Electricos 0.5hp a 4hp<\/a><\/p>\n\n\n\n<p><a href=\"https:\/\/www.fenk.com.ar\/wp-content\/uploads\/2026\/04\/DDJJ-S.E-BRANIK-MOTOR-ELECTRICO-5HP-A-7.5HP.pdf\" data-type=\"link\" data-id=\"https:\/\/www.fenk.com.ar\/wp-content\/uploads\/2026\/04\/DDJJ-S.E-BRANIK-MOTOR-ELECTRICO-5HP-A-7.5HP.pdf\">DDJJ Seguridad Electrica Branik Motores Electricos 5.5hp a 7.5hp<\/a><\/p>\n\n\n\n<p><a href=\"https:\/\/www.fenk.com.ar\/wp-content\/uploads\/2026\/04\/DDJJ-S.E-BELTTT-150W-A-3000W.pdf\" data-type=\"link\" data-id=\"https:\/\/www.fenk.com.ar\/wp-content\/uploads\/2026\/04\/DDJJ-S.E-BELTTT-150W-A-3000W.pdf\">DDJJ Seguridad Electrica Belttt Inversores sin regulador<\/a><\/p>\n\n\n\n<p><a href=\"https:\/\/www.fenk.com.ar\/wp-content\/uploads\/2026\/04\/DDJJ-S.E-BELTTT-SY-1KW-A-4.2KW.pdf\" data-type=\"link\" data-id=\"https:\/\/www.fenk.com.ar\/wp-content\/uploads\/2026\/04\/DDJJ-S.E-BELTTT-SY-1KW-A-4.2KW.pdf\">DDJJ Seguridad Electrica Belttt Inversores con regulador<\/a><\/p>\n\n\n\n<p><\/p>\n","protected":false},"excerpt":{"rendered":"<p>Certificados de Garantia Grupos electr\u00f3genos de fabricaci\u00f3n nacional di\u00e9sel. Grupos electr\u00f3genos de fabricaci\u00f3n nacional a nafta. Grupos electr\u00f3genos importados di\u00e9sel. Grupos electr\u00f3genos importados a gas. Grupos electr\u00f3genos importados a nafta. Compresores de aire a pist\u00f3n. Compresores de aire a tonillo. Energ\u00edas renovables (paneles solares, bater\u00edas solares, reguladores e inversores) Condiciones Comerciales Cambios y devoluciones. Informacion&#8230;<\/p>\n","protected":false},"author":1,"featured_media":0,"parent":279,"menu_order":7,"comment_status":"closed","ping_status":"closed","template":"","meta":{"footnotes":""},"class_list":["post-4201","page","type-page","status-publish","hentry"],"acf":[],"_links":{"self":[{"href":"https:\/\/www.fenk.com.ar\/en\/wp-json\/wp\/v2\/pages\/4201","targetHints":{"allow":["GET"]}}],"collection":[{"href":"https:\/\/www.fenk.com.ar\/en\/wp-json\/wp\/v2\/pages"}],"about":[{"href":"https:\/\/www.fenk.com.ar\/en\/wp-json\/wp\/v2\/types\/page"}],"author":[{"embeddable":true,"href":"https:\/\/www.fenk.com.ar\/en\/wp-json\/wp\/v2\/users\/1"}],"replies":[{"embeddable":true,"href":"https:\/\/www.fenk.com.ar\/en\/wp-json\/wp\/v2\/comments?post=4201"}],"version-history":[{"count":7,"href":"https:\/\/www.fenk.com.ar\/en\/wp-json\/wp\/v2\/pages\/4201\/revisions"}],"predecessor-version":[{"id":8202,"href":"https:\/\/www.fenk.com.ar\/en\/wp-json\/wp\/v2\/pages\/4201\/revisions\/8202"}],"up":[{"embeddable":true,"href":"https:\/\/www.fenk.com.ar\/en\/wp-json\/wp\/v2\/pages\/279"}],"wp:attachment":[{"href":"https:\/\/www.fenk.com.ar\/en\/wp-json\/wp\/v2\/media?parent=4201"}],"curies":[{"name":"wp","href":"https:\/\/api.w.org\/{rel}","templated":true}]}}