{"id":1992,"date":"2013-01-28T18:49:47","date_gmt":"2013-01-28T18:49:47","guid":{"rendered":"https:\/\/www.fenk.com.ar\/products\/others\/bombas-especiales\/de-torno\/"},"modified":"2013-05-01T16:02:20","modified_gmt":"2013-05-01T16:02:20","slug":"de-torno","status":"publish","type":"page","link":"https:\/\/www.fenk.com.ar\/en\/products\/others\/bombas-especiales\/de-torno\/","title":{"rendered":"De Torno"},"content":{"rendered":"<p>Son electrobombas de funcionamiento vertical semisumergibles, utilizadas en maquinas que requieren circulaci\u00f3n<\/p>\n<p>de fluidos con altos tenores de part\u00edculas en suspensi\u00f3n.<\/p>\n<p>Por trabajar con la turbina sumergida, no llevan sellos mec\u00e1nicos ni empaquetaduras.<\/p>\n<p>Son aptas para circuitos de refrigeraci\u00f3n en maquinas y herramientas, aplicaci\u00f3n en\u00a0Industria grafica (flexografia y offset), industria fotogr\u00e1fica, industria del vidrio y variadas aplicaciones.<\/p>\n","protected":false},"excerpt":{"rendered":"<p>Son electrobombas de funcionamiento vertical semisumergibles, utilizadas en maquinas que requieren circulaci\u00f3n de fluidos con altos tenores de part\u00edculas en suspensi\u00f3n. Por trabajar con la turbina sumergida, no llevan sellos mec\u00e1nicos ni empaquetaduras. Son aptas para circuitos de refrigeraci\u00f3n en maquinas y herramientas, aplicaci\u00f3n en\u00a0Industria grafica (flexografia y offset), industria fotogr\u00e1fica, industria del vidrio y&#8230;<\/p>\n","protected":false},"author":1,"featured_media":708,"parent":783,"menu_order":2,"comment_status":"closed","ping_status":"closed","template":"template-product-table.php","meta":{"footnotes":""},"class_list":["post-1992","page","type-page","status-publish","has-post-thumbnail","hentry"],"acf":[],"_links":{"self":[{"href":"https:\/\/www.fenk.com.ar\/en\/wp-json\/wp\/v2\/pages\/1992","targetHints":{"allow":["GET"]}}],"collection":[{"href":"https:\/\/www.fenk.com.ar\/en\/wp-json\/wp\/v2\/pages"}],"about":[{"href":"https:\/\/www.fenk.com.ar\/en\/wp-json\/wp\/v2\/types\/page"}],"author":[{"embeddable":true,"href":"https:\/\/www.fenk.com.ar\/en\/wp-json\/wp\/v2\/users\/1"}],"replies":[{"embeddable":true,"href":"https:\/\/www.fenk.com.ar\/en\/wp-json\/wp\/v2\/comments?post=1992"}],"version-history":[{"count":1,"href":"https:\/\/www.fenk.com.ar\/en\/wp-json\/wp\/v2\/pages\/1992\/revisions"}],"predecessor-version":[{"id":3322,"href":"https:\/\/www.fenk.com.ar\/en\/wp-json\/wp\/v2\/pages\/1992\/revisions\/3322"}],"up":[{"embeddable":true,"href":"https:\/\/www.fenk.com.ar\/en\/wp-json\/wp\/v2\/pages\/783"}],"wp:featuredmedia":[{"embeddable":true,"href":"https:\/\/www.fenk.com.ar\/en\/wp-json\/wp\/v2\/media\/708"}],"wp:attachment":[{"href":"https:\/\/www.fenk.com.ar\/en\/wp-json\/wp\/v2\/media?parent=1992"}],"curies":[{"name":"wp","href":"https:\/\/api.w.org\/{rel}","templated":true}]}}