{"id":1987,"date":"2013-01-28T18:42:45","date_gmt":"2013-01-28T18:42:45","guid":{"rendered":"https:\/\/www.fenk.com.ar\/products\/others\/bombas-especiales\/regenerativas\/"},"modified":"2013-05-01T16:03:06","modified_gmt":"2013-05-01T16:03:06","slug":"regenerativas","status":"publish","type":"page","link":"https:\/\/www.fenk.com.ar\/en\/products\/others\/bombas-especiales\/regenerativas\/","title":{"rendered":"Regenerativas"},"content":{"rendered":"<p>Estas bombas abarcan caudales desde 700 hasta 17.000 litros \/ hora y presiones de hasta 40 kg\/cm2<\/p>\n<p>La versatilidad y eficiencia de este tipo de bombas est\u00e1n basadas en los principios de centrifugaci\u00f3n y desplazamiento positivo\u00a0y constante sin pulsaciones.<\/p>\n<p>En dichas caracter\u00edsticas se basan los usuarios para adaptarlas a sus unidades de trabajo, en la tranquilidad de que poseen una bomba de excelente calidad y servicio de atenci\u00f3n esmerado y altamente eficiente.\u00a0Todas las bombas de nuestra l\u00ednea de fabricaci\u00f3n, antes de su comercializaci\u00f3n son sometidas a los mas estrictos controles de calidad y rendimientos \u00f3ptimos<\/p>\n<h5>Principales uso<\/h5>\n<ul>\n<li>Servicios continuos de abastecimiento de agua<\/li>\n<li>Instalaciones de riego<\/li>\n<li>Alimentaci\u00f3n de agua para calderas<\/li>\n<li>Arcos de lavado<\/li>\n<li>Retorno de condensado<\/li>\n<li>Torres de enfriamiento<\/li>\n<li>Fumigaciones<\/li>\n<li>Lavadero de autos<\/li>\n<\/ul>\n<h5>Materiales empleados para su construcci\u00f3n<\/h5>\n<p>El cuerpo, las caras y los cuerpos intermedias son de hierro fundido perlitico de grano fino<\/p>\n<p>El eje impulsor es de acero inoxidable AISI 410\/420. En cuanto a los rotores est\u00e1n realizados en bronce fundido con una aleaci\u00f3n espec\u00edfica que garantizan las propiedades de antifricci\u00f3n que requiere su funcionamiento. El servicio de empaquetadura es de amianto graficado con prensas de bronce trafilado que facilitan su regulaci\u00f3n.<\/p>\n","protected":false},"excerpt":{"rendered":"<p>Estas bombas abarcan caudales desde 700 hasta 17.000 litros \/ hora y presiones de hasta 40 kg\/cm2 La versatilidad y eficiencia de este tipo de bombas est\u00e1n basadas en los principios de centrifugaci\u00f3n y desplazamiento positivo\u00a0y constante sin pulsaciones. En dichas caracter\u00edsticas se basan los usuarios para adaptarlas a sus unidades de trabajo, en la&#8230;<\/p>\n","protected":false},"author":1,"featured_media":2026,"parent":783,"menu_order":3,"comment_status":"closed","ping_status":"closed","template":"template-product-table.php","meta":{"footnotes":""},"class_list":["post-1987","page","type-page","status-publish","has-post-thumbnail","hentry"],"acf":[],"_links":{"self":[{"href":"https:\/\/www.fenk.com.ar\/en\/wp-json\/wp\/v2\/pages\/1987","targetHints":{"allow":["GET"]}}],"collection":[{"href":"https:\/\/www.fenk.com.ar\/en\/wp-json\/wp\/v2\/pages"}],"about":[{"href":"https:\/\/www.fenk.com.ar\/en\/wp-json\/wp\/v2\/types\/page"}],"author":[{"embeddable":true,"href":"https:\/\/www.fenk.com.ar\/en\/wp-json\/wp\/v2\/users\/1"}],"replies":[{"embeddable":true,"href":"https:\/\/www.fenk.com.ar\/en\/wp-json\/wp\/v2\/comments?post=1987"}],"version-history":[{"count":1,"href":"https:\/\/www.fenk.com.ar\/en\/wp-json\/wp\/v2\/pages\/1987\/revisions"}],"predecessor-version":[{"id":3324,"href":"https:\/\/www.fenk.com.ar\/en\/wp-json\/wp\/v2\/pages\/1987\/revisions\/3324"}],"up":[{"embeddable":true,"href":"https:\/\/www.fenk.com.ar\/en\/wp-json\/wp\/v2\/pages\/783"}],"wp:featuredmedia":[{"embeddable":true,"href":"https:\/\/www.fenk.com.ar\/en\/wp-json\/wp\/v2\/media\/2026"}],"wp:attachment":[{"href":"https:\/\/www.fenk.com.ar\/en\/wp-json\/wp\/v2\/media?parent=1987"}],"curies":[{"name":"wp","href":"https:\/\/api.w.org\/{rel}","templated":true}]}}