{"id":1983,"date":"2013-01-28T18:41:33","date_gmt":"2013-01-28T18:41:33","guid":{"rendered":"https:\/\/www.fenk.com.ar\/products\/others\/bombas-especiales\/a-engranaje\/"},"modified":"2013-05-01T16:01:42","modified_gmt":"2013-05-01T16:01:42","slug":"a-engranaje","status":"publish","type":"page","link":"https:\/\/www.fenk.com.ar\/en\/products\/others\/bombas-especiales\/a-engranaje\/","title":{"rendered":"A Engranaje"},"content":{"rendered":"<p>Este peque\u00f1o producto tiene engranajes helicoidales. Por sus caracter\u00edsticas de fabricaci\u00f3n bombea poco caudal.<\/p>\n<p>Es una bomba apta para inyectar combustible en calderas.<\/p>\n<p>Apta para l\u00edquidos que por su naturaleza son lubricantes. Adem\u00e1s puede bombear petr\u00f3leo y sus derivados, pinturas, aceites, grasas, melazas, mieles, dulces, jabones, detergentes, shampoo, chocolate, \u00e1cido residual.<\/p>\n<p>Construido su cuerpo, tapa y prensa estopa en fundici\u00f3n gris grano fino, engranajes y ejes en acero S.M. 1045.<\/p>\n<p>A pedido se fabrican en bronce anti\u00e1cido, acero inoxidable y con engranajes cementados.<\/p>\n<p>Accesorios: Sistema by pass, tapa de calefacci\u00f3n, filtro con malla protectora.<\/p>\n<p>Se accionan por medio de motores el\u00e9ctricos.<\/p>\n","protected":false},"excerpt":{"rendered":"<p>Este peque\u00f1o producto tiene engranajes helicoidales. Por sus caracter\u00edsticas de fabricaci\u00f3n bombea poco caudal. Es una bomba apta para inyectar combustible en calderas. Apta para l\u00edquidos que por su naturaleza son lubricantes. Adem\u00e1s puede bombear petr\u00f3leo y sus derivados, pinturas, aceites, grasas, melazas, mieles, dulces, jabones, detergentes, shampoo, chocolate, \u00e1cido residual. Construido su cuerpo, tapa&#8230;<\/p>\n","protected":false},"author":1,"featured_media":1995,"parent":783,"menu_order":1,"comment_status":"closed","ping_status":"closed","template":"template-product-table.php","meta":{"footnotes":""},"class_list":["post-1983","page","type-page","status-publish","has-post-thumbnail","hentry"],"acf":[],"_links":{"self":[{"href":"https:\/\/www.fenk.com.ar\/en\/wp-json\/wp\/v2\/pages\/1983","targetHints":{"allow":["GET"]}}],"collection":[{"href":"https:\/\/www.fenk.com.ar\/en\/wp-json\/wp\/v2\/pages"}],"about":[{"href":"https:\/\/www.fenk.com.ar\/en\/wp-json\/wp\/v2\/types\/page"}],"author":[{"embeddable":true,"href":"https:\/\/www.fenk.com.ar\/en\/wp-json\/wp\/v2\/users\/1"}],"replies":[{"embeddable":true,"href":"https:\/\/www.fenk.com.ar\/en\/wp-json\/wp\/v2\/comments?post=1983"}],"version-history":[{"count":1,"href":"https:\/\/www.fenk.com.ar\/en\/wp-json\/wp\/v2\/pages\/1983\/revisions"}],"predecessor-version":[{"id":3320,"href":"https:\/\/www.fenk.com.ar\/en\/wp-json\/wp\/v2\/pages\/1983\/revisions\/3320"}],"up":[{"embeddable":true,"href":"https:\/\/www.fenk.com.ar\/en\/wp-json\/wp\/v2\/pages\/783"}],"wp:featuredmedia":[{"embeddable":true,"href":"https:\/\/www.fenk.com.ar\/en\/wp-json\/wp\/v2\/media\/1995"}],"wp:attachment":[{"href":"https:\/\/www.fenk.com.ar\/en\/wp-json\/wp\/v2\/media?parent=1983"}],"curies":[{"name":"wp","href":"https:\/\/api.w.org\/{rel}","templated":true}]}}